{"id":2,"date":"2021-10-22T18:23:14","date_gmt":"2021-10-22T16:23:14","guid":{"rendered":"http:\/\/btfsuir.cluster031.hosting.ovh.net\/?page_id=2"},"modified":"2022-01-13T17:02:32","modified_gmt":"2022-01-13T16:02:32","slug":"qui-suis-je","status":"publish","type":"page","link":"https:\/\/sweet-trip.fr\/index.php\/qui-suis-je\/","title":{"rendered":"Qui suis-je?"},"content":{"rendered":"\n<div class=\"wp-block-image is-style-rounded\"><figure class=\"alignleft size-thumbnail\"><img loading=\"lazy\" width=\"150\" height=\"150\" src=\"https:\/\/sweet-trip.fr\/wp-content\/uploads\/2022\/01\/253555298_4689968387728858_5668973708141777015_n-1-150x150.jpg\" alt=\"\" class=\"wp-image-36\" srcset=\"https:\/\/sweet-trip.fr\/wp-content\/uploads\/2022\/01\/253555298_4689968387728858_5668973708141777015_n-1-150x150.jpg 150w, https:\/\/sweet-trip.fr\/wp-content\/uploads\/2022\/01\/253555298_4689968387728858_5668973708141777015_n-1-450x450.jpg 450w\" sizes=\"(max-width: 150px) 100vw, 150px\" \/><\/figure><\/div>\n\n\n\n<blockquote class=\"wp-block-quote\"><p>Hello, Moi c&rsquo;est Virginie!<\/p><p>Ce sont mes aventures que vous pouvez suivre ici!  Je souhaite partager avec vous mes sorties &amp; p\u00e9riples, mes moments sport, mes photos, mes s\u00e9quences lyfestyle et mes meilleurs conseils!<\/p><\/blockquote>\n\n\n\n<p class=\"has-text-align-center\">Retrouvez ici des conseils, bons plans, id\u00e9es, itin\u00e9raires et partages de p&#8217;tis coins aussi magiques que secrets&#8230; En voici un bref \u00e9chantillon! <\/p>\n\n\n\n<figure class=\"wp-block-gallery alignfull columns-3 is-cropped\"><ul class=\"blocks-gallery-grid\"><li class=\"blocks-gallery-item\"><figure><a href=\"https:\/\/sweet-trip.fr\/index.php\/page-d-exemple\/img_20210907_195033_531\/\"><img loading=\"lazy\" width=\"1024\" height=\"1024\" src=\"https:\/\/sweet-trip.fr\/wp-content\/uploads\/2022\/01\/IMG_20210907_195033_531-1024x1024.webp\" alt=\"\" data-id=\"37\" data-link=\"https:\/\/sweet-trip.fr\/index.php\/page-d-exemple\/img_20210907_195033_531\/\" class=\"wp-image-37\" srcset=\"https:\/\/sweet-trip.fr\/wp-content\/uploads\/2022\/01\/IMG_20210907_195033_531-1024x1024.webp 1024w, https:\/\/sweet-trip.fr\/wp-content\/uploads\/2022\/01\/IMG_20210907_195033_531-300x300.webp 300w, https:\/\/sweet-trip.fr\/wp-content\/uploads\/2022\/01\/IMG_20210907_195033_531-150x150.webp 150w, https:\/\/sweet-trip.fr\/wp-content\/uploads\/2022\/01\/IMG_20210907_195033_531-768x768.webp 768w, https:\/\/sweet-trip.fr\/wp-content\/uploads\/2022\/01\/IMG_20210907_195033_531-1536x1536.webp 1536w, https:\/\/sweet-trip.fr\/wp-content\/uploads\/2022\/01\/IMG_20210907_195033_531-2048x2048.webp 2048w, https:\/\/sweet-trip.fr\/wp-content\/uploads\/2022\/01\/IMG_20210907_195033_531-450x450.webp 450w\" sizes=\"(max-width: 1024px) 100vw, 1024px\" \/><\/a><figcaption class=\"blocks-gallery-item__caption\">Saint Chely du Tarn (48)<\/figcaption><\/figure><\/li><li class=\"blocks-gallery-item\"><figure><a href=\"https:\/\/sweet-trip.fr\/index.php\/page-d-exemple\/img_20210926_093046_227-4\/\"><img loading=\"lazy\" width=\"1024\" height=\"1024\" src=\"https:\/\/sweet-trip.fr\/wp-content\/uploads\/2022\/01\/IMG_20210926_093046_227-4-1024x1024.webp\" alt=\"\" data-id=\"39\" data-link=\"https:\/\/sweet-trip.fr\/index.php\/page-d-exemple\/img_20210926_093046_227-4\/\" class=\"wp-image-39\" srcset=\"https:\/\/sweet-trip.fr\/wp-content\/uploads\/2022\/01\/IMG_20210926_093046_227-4-1024x1024.webp 1024w, https:\/\/sweet-trip.fr\/wp-content\/uploads\/2022\/01\/IMG_20210926_093046_227-4-300x300.webp 300w, https:\/\/sweet-trip.fr\/wp-content\/uploads\/2022\/01\/IMG_20210926_093046_227-4-150x150.webp 150w, https:\/\/sweet-trip.fr\/wp-content\/uploads\/2022\/01\/IMG_20210926_093046_227-4-768x768.webp 768w, https:\/\/sweet-trip.fr\/wp-content\/uploads\/2022\/01\/IMG_20210926_093046_227-4-1536x1536.webp 1536w, https:\/\/sweet-trip.fr\/wp-content\/uploads\/2022\/01\/IMG_20210926_093046_227-4-2048x2048.webp 2048w, https:\/\/sweet-trip.fr\/wp-content\/uploads\/2022\/01\/IMG_20210926_093046_227-4-450x450.webp 450w\" sizes=\"(max-width: 1024px) 100vw, 1024px\" \/><\/a><figcaption class=\"blocks-gallery-item__caption\"><a href=\"https:\/\/sweet-trip.fr\/index.php\/2022\/01\/13\/week-end-aigoual-deconnection\/\" target=\"_blank\" rel=\"noreferrer noopener\">Saint Sauveur Camprieu (30)<\/a><\/figcaption><\/figure><\/li><li class=\"blocks-gallery-item\"><figure><a href=\"https:\/\/sweet-trip.fr\/index.php\/page-d-exemple\/img_20211208_231509_595\/\"><img loading=\"lazy\" width=\"1024\" height=\"1024\" src=\"https:\/\/sweet-trip.fr\/wp-content\/uploads\/2022\/01\/IMG_20211208_231509_595-1024x1024.jpg\" alt=\"\" data-id=\"44\" data-link=\"https:\/\/sweet-trip.fr\/index.php\/page-d-exemple\/img_20211208_231509_595\/\" class=\"wp-image-44\" srcset=\"https:\/\/sweet-trip.fr\/wp-content\/uploads\/2022\/01\/IMG_20211208_231509_595-1024x1024.jpg 1024w, https:\/\/sweet-trip.fr\/wp-content\/uploads\/2022\/01\/IMG_20211208_231509_595-300x300.jpg 300w, https:\/\/sweet-trip.fr\/wp-content\/uploads\/2022\/01\/IMG_20211208_231509_595-150x150.jpg 150w, https:\/\/sweet-trip.fr\/wp-content\/uploads\/2022\/01\/IMG_20211208_231509_595-768x768.jpg 768w, https:\/\/sweet-trip.fr\/wp-content\/uploads\/2022\/01\/IMG_20211208_231509_595-1536x1536.jpg 1536w, https:\/\/sweet-trip.fr\/wp-content\/uploads\/2022\/01\/IMG_20211208_231509_595-2048x2048.jpg 2048w, https:\/\/sweet-trip.fr\/wp-content\/uploads\/2022\/01\/IMG_20211208_231509_595-450x450.jpg 450w\" sizes=\"(max-width: 1024px) 100vw, 1024px\" \/><\/a><figcaption class=\"blocks-gallery-item__caption\">Le Vercors (30)<\/figcaption><\/figure><\/li><li class=\"blocks-gallery-item\"><figure><a href=\"https:\/\/sweet-trip.fr\/index.php\/page-d-exemple\/img_20210919_203906_742\/\"><img loading=\"lazy\" width=\"1024\" height=\"1024\" src=\"https:\/\/sweet-trip.fr\/wp-content\/uploads\/2022\/01\/IMG_20210919_203906_742-1024x1024.webp\" alt=\"\" data-id=\"38\" data-link=\"https:\/\/sweet-trip.fr\/index.php\/page-d-exemple\/img_20210919_203906_742\/\" class=\"wp-image-38\" srcset=\"https:\/\/sweet-trip.fr\/wp-content\/uploads\/2022\/01\/IMG_20210919_203906_742-1024x1024.webp 1024w, https:\/\/sweet-trip.fr\/wp-content\/uploads\/2022\/01\/IMG_20210919_203906_742-300x300.webp 300w, https:\/\/sweet-trip.fr\/wp-content\/uploads\/2022\/01\/IMG_20210919_203906_742-150x150.webp 150w, https:\/\/sweet-trip.fr\/wp-content\/uploads\/2022\/01\/IMG_20210919_203906_742-768x768.webp 768w, https:\/\/sweet-trip.fr\/wp-content\/uploads\/2022\/01\/IMG_20210919_203906_742-1536x1536.webp 1536w, https:\/\/sweet-trip.fr\/wp-content\/uploads\/2022\/01\/IMG_20210919_203906_742-2048x2048.webp 2048w, https:\/\/sweet-trip.fr\/wp-content\/uploads\/2022\/01\/IMG_20210919_203906_742-450x450.webp 450w\" sizes=\"(max-width: 1024px) 100vw, 1024px\" \/><\/a><figcaption class=\"blocks-gallery-item__caption\">Le Pic Saint Loup &amp; l&rsquo;Hortus (34)<\/figcaption><\/figure><\/li><li class=\"blocks-gallery-item\"><figure><a href=\"https:\/\/sweet-trip.fr\/index.php\/page-d-exemple\/img_20211110_205507_037\/\"><img loading=\"lazy\" width=\"1024\" height=\"1024\" src=\"https:\/\/sweet-trip.fr\/wp-content\/uploads\/2022\/01\/IMG_20211110_205507_037-1024x1024.jpg\" alt=\"\" data-id=\"47\" data-full-url=\"https:\/\/sweet-trip.fr\/wp-content\/uploads\/2022\/01\/IMG_20211110_205507_037.jpg\" data-link=\"https:\/\/sweet-trip.fr\/index.php\/page-d-exemple\/img_20211110_205507_037\/\" class=\"wp-image-47\" srcset=\"https:\/\/sweet-trip.fr\/wp-content\/uploads\/2022\/01\/IMG_20211110_205507_037-1024x1024.jpg 1024w, https:\/\/sweet-trip.fr\/wp-content\/uploads\/2022\/01\/IMG_20211110_205507_037-300x300.jpg 300w, https:\/\/sweet-trip.fr\/wp-content\/uploads\/2022\/01\/IMG_20211110_205507_037-150x150.jpg 150w, https:\/\/sweet-trip.fr\/wp-content\/uploads\/2022\/01\/IMG_20211110_205507_037-768x768.jpg 768w, https:\/\/sweet-trip.fr\/wp-content\/uploads\/2022\/01\/IMG_20211110_205507_037-450x450.jpg 450w, https:\/\/sweet-trip.fr\/wp-content\/uploads\/2022\/01\/IMG_20211110_205507_037.jpg 1440w\" sizes=\"(max-width: 1024px) 100vw, 1024px\" \/><\/a><figcaption class=\"blocks-gallery-item__caption\"> Villard-de-Lans (38) <\/figcaption><\/figure><\/li><li class=\"blocks-gallery-item\"><figure><a href=\"https:\/\/sweet-trip.fr\/index.php\/page-d-exemple\/img_20211009_220715_719\/\"><img loading=\"lazy\" width=\"1024\" height=\"1024\" src=\"https:\/\/sweet-trip.fr\/wp-content\/uploads\/2022\/01\/IMG_20211009_220715_719-1024x1024.webp\" alt=\"\" data-id=\"41\" data-link=\"https:\/\/sweet-trip.fr\/index.php\/page-d-exemple\/img_20211009_220715_719\/\" class=\"wp-image-41\" srcset=\"https:\/\/sweet-trip.fr\/wp-content\/uploads\/2022\/01\/IMG_20211009_220715_719-1024x1024.webp 1024w, https:\/\/sweet-trip.fr\/wp-content\/uploads\/2022\/01\/IMG_20211009_220715_719-300x300.webp 300w, https:\/\/sweet-trip.fr\/wp-content\/uploads\/2022\/01\/IMG_20211009_220715_719-150x150.webp 150w, https:\/\/sweet-trip.fr\/wp-content\/uploads\/2022\/01\/IMG_20211009_220715_719-768x768.webp 768w, https:\/\/sweet-trip.fr\/wp-content\/uploads\/2022\/01\/IMG_20211009_220715_719-1536x1536.webp 1536w, https:\/\/sweet-trip.fr\/wp-content\/uploads\/2022\/01\/IMG_20211009_220715_719-2048x2048.webp 2048w, https:\/\/sweet-trip.fr\/wp-content\/uploads\/2022\/01\/IMG_20211009_220715_719-450x450.webp 450w\" sizes=\"(max-width: 1024px) 100vw, 1024px\" \/><\/a><figcaption class=\"blocks-gallery-item__caption\">Port de Cassis (13)<\/figcaption><\/figure><\/li><li class=\"blocks-gallery-item\"><figure><a href=\"https:\/\/sweet-trip.fr\/index.php\/page-d-exemple\/img_20210928_195514_488\/\"><img loading=\"lazy\" width=\"1024\" height=\"1024\" src=\"https:\/\/sweet-trip.fr\/wp-content\/uploads\/2022\/01\/IMG_20210928_195514_488-1024x1024.webp\" alt=\"\" data-id=\"40\" data-link=\"https:\/\/sweet-trip.fr\/index.php\/page-d-exemple\/img_20210928_195514_488\/\" class=\"wp-image-40\" srcset=\"https:\/\/sweet-trip.fr\/wp-content\/uploads\/2022\/01\/IMG_20210928_195514_488-1024x1024.webp 1024w, https:\/\/sweet-trip.fr\/wp-content\/uploads\/2022\/01\/IMG_20210928_195514_488-300x300.webp 300w, https:\/\/sweet-trip.fr\/wp-content\/uploads\/2022\/01\/IMG_20210928_195514_488-150x150.webp 150w, https:\/\/sweet-trip.fr\/wp-content\/uploads\/2022\/01\/IMG_20210928_195514_488-768x768.webp 768w, https:\/\/sweet-trip.fr\/wp-content\/uploads\/2022\/01\/IMG_20210928_195514_488-1536x1536.webp 1536w, https:\/\/sweet-trip.fr\/wp-content\/uploads\/2022\/01\/IMG_20210928_195514_488-2048x2048.webp 2048w, https:\/\/sweet-trip.fr\/wp-content\/uploads\/2022\/01\/IMG_20210928_195514_488-450x450.webp 450w\" sizes=\"(max-width: 1024px) 100vw, 1024px\" \/><\/a><figcaption class=\"blocks-gallery-item__caption\">L&rsquo;Espiguette au Grau-du-Roi (30)<\/figcaption><\/figure><\/li><li class=\"blocks-gallery-item\"><figure><a href=\"https:\/\/sweet-trip.fr\/index.php\/page-d-exemple\/img_20211022_181438_240\/\"><img loading=\"lazy\" width=\"1024\" height=\"1024\" src=\"https:\/\/sweet-trip.fr\/wp-content\/uploads\/2022\/01\/IMG_20211022_181438_240-1024x1024.jpg\" alt=\"\" data-id=\"42\" data-link=\"https:\/\/sweet-trip.fr\/index.php\/page-d-exemple\/img_20211022_181438_240\/\" class=\"wp-image-42\" srcset=\"https:\/\/sweet-trip.fr\/wp-content\/uploads\/2022\/01\/IMG_20211022_181438_240-1024x1024.jpg 1024w, https:\/\/sweet-trip.fr\/wp-content\/uploads\/2022\/01\/IMG_20211022_181438_240-300x300.jpg 300w, https:\/\/sweet-trip.fr\/wp-content\/uploads\/2022\/01\/IMG_20211022_181438_240-150x150.jpg 150w, https:\/\/sweet-trip.fr\/wp-content\/uploads\/2022\/01\/IMG_20211022_181438_240-768x768.jpg 768w, https:\/\/sweet-trip.fr\/wp-content\/uploads\/2022\/01\/IMG_20211022_181438_240-1536x1536.jpg 1536w, https:\/\/sweet-trip.fr\/wp-content\/uploads\/2022\/01\/IMG_20211022_181438_240-2048x2048.jpg 2048w, https:\/\/sweet-trip.fr\/wp-content\/uploads\/2022\/01\/IMG_20211022_181438_240-450x450.jpg 450w\" sizes=\"(max-width: 1024px) 100vw, 1024px\" \/><\/a><figcaption class=\"blocks-gallery-item__caption\">Aigues-Mortes (13)<\/figcaption><\/figure><\/li><li class=\"blocks-gallery-item\"><figure><a href=\"https:\/\/sweet-trip.fr\/index.php\/page-d-exemple\/img_20211213_090109_525\/\"><img loading=\"lazy\" width=\"1024\" height=\"1024\" src=\"https:\/\/sweet-trip.fr\/wp-content\/uploads\/2022\/01\/IMG_20211213_090109_525-1024x1024.jpg\" alt=\"\" data-id=\"45\" data-link=\"https:\/\/sweet-trip.fr\/index.php\/page-d-exemple\/img_20211213_090109_525\/\" class=\"wp-image-45\" srcset=\"https:\/\/sweet-trip.fr\/wp-content\/uploads\/2022\/01\/IMG_20211213_090109_525-1024x1024.jpg 1024w, https:\/\/sweet-trip.fr\/wp-content\/uploads\/2022\/01\/IMG_20211213_090109_525-300x300.jpg 300w, https:\/\/sweet-trip.fr\/wp-content\/uploads\/2022\/01\/IMG_20211213_090109_525-150x150.jpg 150w, https:\/\/sweet-trip.fr\/wp-content\/uploads\/2022\/01\/IMG_20211213_090109_525-768x768.jpg 768w, https:\/\/sweet-trip.fr\/wp-content\/uploads\/2022\/01\/IMG_20211213_090109_525-1536x1536.jpg 1536w, https:\/\/sweet-trip.fr\/wp-content\/uploads\/2022\/01\/IMG_20211213_090109_525-2048x2048.jpg 2048w, https:\/\/sweet-trip.fr\/wp-content\/uploads\/2022\/01\/IMG_20211213_090109_525-450x450.jpg 450w\" sizes=\"(max-width: 1024px) 100vw, 1024px\" \/><\/a><figcaption class=\"blocks-gallery-item__caption\">Vassieux-en-Vercors (26)<\/figcaption><\/figure><\/li><\/ul><\/figure>\n\n\n\n<p class=\"has-text-color has-small-font-size\" style=\"color:#837e7e\"> <em>Tous droits r\u00e9serv\u00e9s \u00a9Sweet-Trip.fr  \u25fd  Contact: sweettrip.fr@gmail.com <\/em>  <\/p>\n","protected":false},"excerpt":{"rendered":"<p>Hello, Moi c&rsquo;est Virginie! Ce sont mes aventures que vous pouvez suivre ici! Je souhaite partager avec vous mes sorties &amp; p\u00e9riples, mes moments sport, mes photos, mes s\u00e9quences lyfestyle&#8230;<\/p>\n","protected":false},"author":1,"featured_media":0,"parent":0,"menu_order":0,"comment_status":"closed","ping_status":"open","template":"","meta":[],"_links":{"self":[{"href":"https:\/\/sweet-trip.fr\/index.php\/wp-json\/wp\/v2\/pages\/2"}],"collection":[{"href":"https:\/\/sweet-trip.fr\/index.php\/wp-json\/wp\/v2\/pages"}],"about":[{"href":"https:\/\/sweet-trip.fr\/index.php\/wp-json\/wp\/v2\/types\/page"}],"author":[{"embeddable":true,"href":"https:\/\/sweet-trip.fr\/index.php\/wp-json\/wp\/v2\/users\/1"}],"replies":[{"embeddable":true,"href":"https:\/\/sweet-trip.fr\/index.php\/wp-json\/wp\/v2\/comments?post=2"}],"version-history":[{"count":8,"href":"https:\/\/sweet-trip.fr\/index.php\/wp-json\/wp\/v2\/pages\/2\/revisions"}],"predecessor-version":[{"id":69,"href":"https:\/\/sweet-trip.fr\/index.php\/wp-json\/wp\/v2\/pages\/2\/revisions\/69"}],"wp:attachment":[{"href":"https:\/\/sweet-trip.fr\/index.php\/wp-json\/wp\/v2\/media?parent=2"}],"curies":[{"name":"wp","href":"https:\/\/api.w.org\/{rel}","templated":true}]}}